{"id":10095,"date":"2022-12-06T15:35:01","date_gmt":"2022-12-06T15:35:01","guid":{"rendered":"http:\/\/www.xonken.com\/site\/?page_id=10095"},"modified":"2023-02-15T17:48:52","modified_gmt":"2023-02-15T17:48:52","slug":"linea-de-productos-de-neumaticos","status":"publish","type":"page","link":"https:\/\/www.xonken.com\/site\/es\/linea-de-productos-de-neumaticos\/","title":{"rendered":"L\u00ednea de productos de neum\u00e1ticos"},"content":{"rendered":"<p>[vc_row full_width=&#8221;stretch_row_content&#8221; kd_background_image_position=&#8221;vc_row-bg-position-top&#8221; css=&#8221;.vc_custom_1647556324519{margin-top: 100px !important;margin-bottom: 0px !important;}&#8221;][vc_column css=&#8221;.vc_custom_1647555672286{padding-right: 0px !important;padding-left: 0px !important;}&#8221;][vc_row_inner full_width=&#8221;inner_row_contained&#8221; kd_background_image_position=&#8221;vc_row-bg-position-top&#8221; kd_background_overlay=&#8221;true&#8221; css=&#8221;.vc_custom_1647555379274{margin-right: 60px !important;margin-left: 60px !important;padding-top: 100px !important;padding-right: 0px !important;padding-bottom: 100px !important;padding-left: 0px !important;background-color: #e3e9f2 !important;border-radius: 50px !important;}&#8221;][vc_column_inner css=&#8221;.vc_custom_1647555638055{padding-top: 0px !important;}&#8221; css_tablet_landscape=&#8221;.vc_custom_1647555638056{margin-bottom: 50px !important;padding-top: 0px !important;padding-right: 15px !important;padding-left: 15px !important;}&#8221;]<header class=\"kd-section-title col-lg-12 text-center  subtitle-below-title kd-animated fadeIn   vc_custom_1670508064197\" data-animation-delay=200><h2 class=\"separator_off\" >L\u00ednea de Productos de Llantas\/Neum\u00e1ticos<\/h2><h6 class=\"subtitle\" >Un neum\u00e1tico o llanta es un anillo de goma, generalmente lleno de aire, que se ajusta alrededor de la rueda de un autom\u00f3vil, motocicleta u otro veh\u00edculo. Los neum\u00e1ticos est\u00e1n dise\u00f1ados para soportar el peso del veh\u00edculo, absorber los golpes de la carretera, transmitir la tracci\u00f3n, el par y las fuerzas de frenado a la superficie de la carretera y mantener y cambiar la direcci\u00f3n de la marcha. Para cumplir estas cuatro funciones b\u00e1sicas, los neum\u00e1ticos est\u00e1n hechos de caucho resistente y llenos de aire comprimido.<br \/>\nLa mayor\u00eda de los autos ahora tienen neum\u00e1ticos radiales. Si bien los dise\u00f1os var\u00edan seg\u00fan el producto y el fabricante, un neum\u00e1tico promedio contiene m\u00e1s de 100 componentes separados. Los neum\u00e1ticos pueden incluir caucho natural, caucho sint\u00e9tico, acero, nylon, s\u00edlice (derivada de la arena), poli\u00e9ster, negro de humo, petr\u00f3leo, etc.<br \/>\nLa mayor\u00eda de los neum\u00e1ticos de motocicleta se dividen en cinco tipos principales: carreras, deportes, todoterreno, crucero y turismo. Todas las motocicletas deben estar equipadas con el tama\u00f1o de neum\u00e1tico especificado por el fabricante de la motocicleta como se encuentra en el manual del propietario o en el sitio web del fabricante.<\/h6><\/header>[\/vc_column_inner][\/vc_row_inner][\/vc_column][\/vc_row][vc_row kd_background_image_position=&#8221;vc_row-bg-position-top&#8221; css=&#8221;.vc_custom_1647556330805{margin-bottom: 100px !important;}&#8221;][vc_column]<div class=\"kd-divider solid_line divider_full_width thin_solid\">\n                <div class=\"divider-line\" style=\"border-color:#282828\"><\/div>\n            <\/div><div class=\"feature-sections-wrapper navigation-icons kd-fsp-69ebbda327b6e\">\r\n            <div class=\"feature-sections-tabs  \">\r\n              <nav class=\"kd-feature-tabs\">\r\n                <ul class=\"nav nav-tabs sticky-tabs container\">\r\n                <\/ul>\r\n              <\/nav>\r\n            <\/div>\r\n            <section id=\"MOTOCICLETAS\" class=\"featured-right \"><li class=\"nav-label\"><a class=\"feature-tabs-scroll\" href=\"#MOTOCICLETAS\"><span class=\"nav-number\"><\/span>Llantas de Motocicleta<\/a><\/li><div class=\"container\">\r\n                <div class=\"side-content-wrapper kd-animated fadeInLeft\" data-animation-delay=\"200\"><h2 class=\"side-content-title\" >LLANTAS PARA MOTOCICLETAS<\/h2><h6 class=\"side-content-subtitle\" >DE ALTO RENDIMIENTO - GARANTIA 10.000kms<\/h6><div class=\"side-content-text\" ><\/p>\n<ul>\n<li><strong>DIAMETROS DEL RIM: 10\u201d \u2013 21\u201d<\/strong><\/li>\n<li><strong>NUMERO DE LONAS: 6-10<\/strong><\/li>\n<li><strong>CON TRIPA (TT) \/ SIN TRIPA (TL)<\/strong><\/li>\n<li><strong>ANCHO DE LA SECCION DE LA LLANTA: 70mm \u2013 140mm<\/strong><\/li>\n<li><strong>TIPO SPORT \/ RACE<\/strong><\/li>\n<li><strong>TIPO OFF-ROAD<\/strong><\/li>\n<li><strong>TIPO CRUSING \/ TOURING<\/strong><\/li>\n<\/ul>\n<p><\/div><\/div><div class=\"side-featured-wrapper fss-rectangle kd-animated fadeInRight fss-shadow-image\" data-animation-delay=\"200\">\r\n      <div class=\"featured-image\"><a data-size=\"1024x771\" href=https:\/\/www.xonken.com\/site\/wp-content\/uploads\/2022\/03\/prod11-1024x771.jpg><img width=\"1100\" height=\"828\" src=\"https:\/\/www.xonken.com\/site\/wp-content\/uploads\/2022\/03\/prod11.jpg\" class=\"attachment-full\" alt=\"Motorcycle tires\" loading=\"lazy\" srcset=\"https:\/\/www.xonken.com\/site\/wp-content\/uploads\/2022\/03\/prod11.jpg 1100w, https:\/\/www.xonken.com\/site\/wp-content\/uploads\/2022\/03\/prod11-300x226.jpg 300w, https:\/\/www.xonken.com\/site\/wp-content\/uploads\/2022\/03\/prod11-1024x771.jpg 1024w, https:\/\/www.xonken.com\/site\/wp-content\/uploads\/2022\/03\/prod11-768x578.jpg 768w\" sizes=\"(max-width: 1100px) 100vw, 1100px\" \/><\/a><\/div>\r\n    <\/div><\/div>\r\n            <\/section>\r\n            <\/div><style><\/style>[\/vc_column][\/vc_row][vc_row full_width=&#8221;stretch_row&#8221; parallax=&#8221;content-moving&#8221; parallax_speed_bg=&#8221;1.3&#8243; disable_element=&#8221;yes&#8221; kd_background_image_position=&#8221;vc_row-bg-position-center&#8221; kd_fixed_background=&#8221;true&#8221; css=&#8221;.vc_custom_1647558940921{padding-top: 200px !important;padding-bottom: 200px !important;background-image: url(http:\/\/www.xonken.com\/site\/wp-content\/uploads\/2021\/09\/solu05.jpg?id=9712) !important;}&#8221; css_tablet_portrait=&#8221;.vc_custom_1647558940922{padding-top: 150px !important;padding-bottom: 150px !important;}&#8221; css_mobile=&#8221;.vc_custom_1647558940922{padding-top: 150px !important;padding-bottom: 150px !important;}&#8221; css_tablet_landscape=&#8221;.vc_custom_1647558940922{padding-bottom: 120px !important;}&#8221;][vc_column css=&#8221;.vc_custom_1516115464846{padding-left: 0px !important;}&#8221;][vc_row_inner kd_background_image_position=&#8221;vc_row-bg-position-top&#8221;][vc_column_inner]<div class=\"video-container play-button-center big-video-btn   kd-animated zoomIn\" data-animation-delay=200><a data-toggle=\"modal\" data-target=\"#video-modal-kd-video-modal-69ebbda329292\" data-src=\"https:\/\/www.youtube.com\/embed\/sDwQBHN4jK0\" data-backdrop=\"true\" class=\" \"><span class=\"play-video\"><span class=\"sway-play\"><\/span><\/span><\/a><\/div><div class=\"modal fade video-modal\" id=\"video-modal-kd-video-modal-69ebbda329292\" role=\"dialog\">\n                            <div class=\"modal-content\">\n                            <button type=\"button\" class=\"close\" data-dismiss=\"modal\">\u00d7<\/button>\n                            <div class=\"row\"><iframe width=\"1024\" height=\"576\" allow=\"autoplay; fullscreen\"><\/iframe><\/div>\n                            <\/div>\n                        <\/div>[\/vc_column_inner][\/vc_row_inner][\/vc_column][\/vc_row][vc_row full_width=&#8221;stretch_row&#8221; disable_element=&#8221;yes&#8221; kd_background_image_position=&#8221;vc_row-bg-position-top&#8221; css=&#8221;.vc_custom_1630526982212{border-bottom-width: 1px !important;border-bottom-color: #e7e7e7 !important;border-bottom-style: solid !important;}&#8221;][vc_column][vc_row_inner kd_background_image_position=&#8221;vc_row-bg-position-top&#8221; css=&#8221;.vc_custom_1598438697936{padding-top: 100px !important;padding-bottom: 100px !important;}&#8221;][vc_column_inner width=&#8221;1\/4&#8243;]<div class=\"kd_counter icon-top  kd-animated fadeInUp\" ><div class=\"kd_counter_content\"><h4 class=\"kd_counter_number\"><span class=\"kd_number_string\" style=\"font-weight:400;\" data-from=\"0\" data-to=\"100\" data-refresh-interval=\"50\">0<\/span><span class=\"kd_counter_units\" style=\"font-weight:400;\">+<\/span><\/h4><div class=\"kd_counter_text\" >Team Members<\/div><\/div><\/div>[\/vc_column_inner][vc_column_inner width=&#8221;1\/4&#8243;]<div class=\"kd_counter icon-top  kd-animated fadeInUp\" data-animation-delay=200><div class=\"kd_counter_content\"><h4 class=\"kd_counter_number\"><span class=\"kd_number_string\" style=\"font-weight:400;\" data-from=\"0\" data-to=\"20\" data-refresh-interval=\"50\">0<\/span><span class=\"kd_counter_units\" style=\"font-weight:400;\">+<\/span><\/h4><div class=\"kd_counter_text\" >Years of Experience<\/div><\/div><\/div>[\/vc_column_inner][vc_column_inner width=&#8221;1\/4&#8243;]<div class=\"kd_counter icon-top  kd-animated fadeInUp\" data-animation-delay=400><div class=\"kd_counter_content\"><h4 class=\"kd_counter_number\"><span class=\"kd_number_string\" style=\"font-weight:400;\" data-from=\"0\" data-to=\"150\" data-refresh-interval=\"50\">0<\/span><span class=\"kd_counter_units\" style=\"font-weight:400;\">%<\/span><\/h4><div class=\"kd_counter_text\" >Fastest Growing Agency<\/div><\/div><\/div>[\/vc_column_inner][vc_column_inner width=&#8221;1\/4&#8243;]<div class=\"kd_counter icon-top  kd-animated fadeInUp\" data-animation-delay=600><div class=\"kd_counter_content\"><h4 class=\"kd_counter_number\"><span class=\"kd_number_string\" style=\"font-weight:400;\" data-from=\"0\" data-to=\"4200\" data-refresh-interval=\"50\">0<\/span><span class=\"kd_counter_units\" style=\"font-weight:400;\">+<\/span><\/h4><div class=\"kd_counter_text\" >Happy Customers<\/div><\/div><\/div>[\/vc_column_inner][\/vc_row_inner][\/vc_column][\/vc_row][vc_row full_width=&#8221;stretch_row&#8221; disable_element=&#8221;yes&#8221; kd_background_image_position=&#8221;vc_row-bg-position-top&#8221; css=&#8221;.vc_custom_1647558948501{padding-top: 80px !important;padding-bottom: 120px !important;}&#8221; css_tablet_landscape=&#8221;.vc_custom_1647558948501{padding-bottom: 250px !important;}&#8221; css_tablet_portrait=&#8221;.vc_custom_1647558948502{padding-top: 100px !important;padding-bottom: 140px !important;}&#8221; css_mobile=&#8221;.vc_custom_1647558948503{padding-top: 100px !important;padding-bottom: 100px !important;}&#8221;][vc_column][vc_row_inner kd_background_image_position=&#8221;vc_row-bg-position-top&#8221;][vc_column_inner]<header class=\"kd-section-title col-lg-12 text-center  subtitle-below-title kd-animated fadeIn   vc_custom_1632884901253\" data-animation-delay=200><h2 class=\"separator_off\" >Let\u2019s get in touch and start working together!<\/h2><h6 class=\"subtitle\" >At Xonken, we don't just limitate to sell you products. We also specialize in bringing you an innovative and new business strategy that encompasses solutions to solve thorny supply chain problems and turn all ERP marketing opportunities profitable.<br \/>\nFor inquiries, questions, doubts, please don't hesitate to reach out!<\/h6><\/header><a  href=\"http:\/\/www.xonken.com\/site\/xonken\/contact-us\/\"  target=\"_self\"  title=\"Contact us\" class=\"tt_button tt_primary_button btn_primary_color  button-center button-action-link   kd-animated zoomIn add-margin-right\" data-animation-delay=200><span class=\"prim_text\">Start Now<\/span><\/a>[\/vc_column_inner][\/vc_row_inner][\/vc_column][\/vc_row]<\/p>\n","protected":false},"excerpt":{"rendered":"<p>[vc_row full_width=&#8221;stretch_row_content&#8221; kd_background_image_position=&#8221;vc_row-bg-position-top&#8221; css=&#8221;.vc_custom_1647556324519{margin-top: 100px !important;margin-bottom: 0px !important;}&#8221;][vc_column css=&#8221;.vc_custom_1647555672286{padding-right: 0px !important;padding-left: 0px !important;}&#8221;][vc_row_inner full_width=&#8221;inner_row_contained&#8221; kd_background_image_position=&#8221;vc_row-bg-position-top&#8221; kd_background_overlay=&#8221;true&#8221; css=&#8221;.vc_custom_1647555379274{margin-right: 60px !important;margin-left: 60px [&hellip;]<\/p>\n","protected":false},"author":2,"featured_media":9933,"parent":0,"menu_order":0,"comment_status":"closed","ping_status":"closed","template":"","meta":{"_mi_skip_tracking":false},"yoast_head":"<!-- This site is optimized with the Yoast SEO plugin v18.4.1 - https:\/\/yoast.com\/wordpress\/plugins\/seo\/ -->\n<title>Tires product line - Motorcycle tires - Xonken<\/title>\n<meta name=\"description\" content=\"Tires product line - Motorcycle tires. A tire is a rubber ring, usually filled with air, that fits around the wheel of a car and motorcycle\" \/>\n<meta name=\"robots\" content=\"index, follow, max-snippet:-1, max-image-preview:large, max-video-preview:-1\" \/>\n<link rel=\"canonical\" href=\"https:\/\/www.xonken.com\/site\/es\/linea-de-productos-de-neumaticos\/\" \/>\n<meta property=\"og:locale\" content=\"es_ES\" \/>\n<meta property=\"og:type\" content=\"article\" \/>\n<meta property=\"og:title\" content=\"Tires product line - Motorcycle tires - Xonken\" \/>\n<meta property=\"og:description\" content=\"Tires product line - Motorcycle tires. A tire is a rubber ring, usually filled with air, that fits around the wheel of a car and motorcycle\" \/>\n<meta property=\"og:url\" content=\"https:\/\/www.xonken.com\/site\/es\/linea-de-productos-de-neumaticos\/\" \/>\n<meta property=\"og:site_name\" content=\"Xonken\" \/>\n<meta property=\"article:modified_time\" content=\"2023-02-15T17:48:52+00:00\" \/>\n<meta property=\"og:image\" content=\"http:\/\/www.xonken.com\/site\/wp-content\/uploads\/2022\/03\/header-tires.jpg\" \/>\n\t<meta property=\"og:image:width\" content=\"1920\" \/>\n\t<meta property=\"og:image:height\" content=\"450\" \/>\n\t<meta property=\"og:image:type\" content=\"image\/jpeg\" \/>\n<meta name=\"twitter:card\" content=\"summary_large_image\" \/>\n<meta name=\"twitter:label1\" content=\"Tiempo de lectura\" \/>\n\t<meta name=\"twitter:data1\" content=\"3 minutos\" \/>\n<script type=\"application\/ld+json\" class=\"yoast-schema-graph\">{\"@context\":\"https:\/\/schema.org\",\"@graph\":[{\"@type\":\"WebSite\",\"@id\":\"https:\/\/www.xonken.com\/site\/#website\",\"url\":\"https:\/\/www.xonken.com\/site\/\",\"name\":\"Xonken\",\"description\":\"Specialists in development and manufacturing of rubber products.\",\"potentialAction\":[{\"@type\":\"SearchAction\",\"target\":{\"@type\":\"EntryPoint\",\"urlTemplate\":\"https:\/\/www.xonken.com\/site\/?s={search_term_string}\"},\"query-input\":\"required name=search_term_string\"}],\"inLanguage\":\"es\"},{\"@type\":\"ImageObject\",\"@id\":\"https:\/\/www.xonken.com\/site\/es\/linea-de-productos-de-neumaticos\/#primaryimage\",\"inLanguage\":\"es\",\"url\":\"https:\/\/www.xonken.com\/site\/wp-content\/uploads\/2022\/03\/header-tires.jpg\",\"contentUrl\":\"https:\/\/www.xonken.com\/site\/wp-content\/uploads\/2022\/03\/header-tires.jpg\",\"width\":1920,\"height\":450,\"caption\":\"Tires product line\"},{\"@type\":\"WebPage\",\"@id\":\"https:\/\/www.xonken.com\/site\/es\/linea-de-productos-de-neumaticos\/#webpage\",\"url\":\"https:\/\/www.xonken.com\/site\/es\/linea-de-productos-de-neumaticos\/\",\"name\":\"Tires product line - Motorcycle tires - Xonken\",\"isPartOf\":{\"@id\":\"https:\/\/www.xonken.com\/site\/#website\"},\"primaryImageOfPage\":{\"@id\":\"https:\/\/www.xonken.com\/site\/es\/linea-de-productos-de-neumaticos\/#primaryimage\"},\"datePublished\":\"2022-12-06T15:35:01+00:00\",\"dateModified\":\"2023-02-15T17:48:52+00:00\",\"description\":\"Tires product line - Motorcycle tires. A tire is a rubber ring, usually filled with air, that fits around the wheel of a car and motorcycle\",\"breadcrumb\":{\"@id\":\"https:\/\/www.xonken.com\/site\/es\/linea-de-productos-de-neumaticos\/#breadcrumb\"},\"inLanguage\":\"es\",\"potentialAction\":[{\"@type\":\"ReadAction\",\"target\":[\"https:\/\/www.xonken.com\/site\/es\/linea-de-productos-de-neumaticos\/\"]}]},{\"@type\":\"BreadcrumbList\",\"@id\":\"https:\/\/www.xonken.com\/site\/es\/linea-de-productos-de-neumaticos\/#breadcrumb\",\"itemListElement\":[{\"@type\":\"ListItem\",\"position\":1,\"name\":\"Portada\",\"item\":\"http:\/\/www.xonken.com\/site\/\"},{\"@type\":\"ListItem\",\"position\":2,\"name\":\"L\u00ednea de productos de neum\u00e1ticos\"}]}]}<\/script>\n<!-- \/ Yoast SEO plugin. -->","yoast_head_json":{"title":"Tires product line - Motorcycle tires - Xonken","description":"Tires product line - Motorcycle tires. A tire is a rubber ring, usually filled with air, that fits around the wheel of a car and motorcycle","robots":{"index":"index","follow":"follow","max-snippet":"max-snippet:-1","max-image-preview":"max-image-preview:large","max-video-preview":"max-video-preview:-1"},"canonical":"https:\/\/www.xonken.com\/site\/es\/linea-de-productos-de-neumaticos\/","og_locale":"es_ES","og_type":"article","og_title":"Tires product line - Motorcycle tires - Xonken","og_description":"Tires product line - Motorcycle tires. A tire is a rubber ring, usually filled with air, that fits around the wheel of a car and motorcycle","og_url":"https:\/\/www.xonken.com\/site\/es\/linea-de-productos-de-neumaticos\/","og_site_name":"Xonken","article_modified_time":"2023-02-15T17:48:52+00:00","og_image":[{"width":1920,"height":450,"url":"http:\/\/www.xonken.com\/site\/wp-content\/uploads\/2022\/03\/header-tires.jpg","type":"image\/jpeg"}],"twitter_card":"summary_large_image","twitter_misc":{"Tiempo de lectura":"3 minutos"},"schema":{"@context":"https:\/\/schema.org","@graph":[{"@type":"WebSite","@id":"https:\/\/www.xonken.com\/site\/#website","url":"https:\/\/www.xonken.com\/site\/","name":"Xonken","description":"Specialists in development and manufacturing of rubber products.","potentialAction":[{"@type":"SearchAction","target":{"@type":"EntryPoint","urlTemplate":"https:\/\/www.xonken.com\/site\/?s={search_term_string}"},"query-input":"required name=search_term_string"}],"inLanguage":"es"},{"@type":"ImageObject","@id":"https:\/\/www.xonken.com\/site\/es\/linea-de-productos-de-neumaticos\/#primaryimage","inLanguage":"es","url":"https:\/\/www.xonken.com\/site\/wp-content\/uploads\/2022\/03\/header-tires.jpg","contentUrl":"https:\/\/www.xonken.com\/site\/wp-content\/uploads\/2022\/03\/header-tires.jpg","width":1920,"height":450,"caption":"Tires product line"},{"@type":"WebPage","@id":"https:\/\/www.xonken.com\/site\/es\/linea-de-productos-de-neumaticos\/#webpage","url":"https:\/\/www.xonken.com\/site\/es\/linea-de-productos-de-neumaticos\/","name":"Tires product line - Motorcycle tires - Xonken","isPartOf":{"@id":"https:\/\/www.xonken.com\/site\/#website"},"primaryImageOfPage":{"@id":"https:\/\/www.xonken.com\/site\/es\/linea-de-productos-de-neumaticos\/#primaryimage"},"datePublished":"2022-12-06T15:35:01+00:00","dateModified":"2023-02-15T17:48:52+00:00","description":"Tires product line - Motorcycle tires. A tire is a rubber ring, usually filled with air, that fits around the wheel of a car and motorcycle","breadcrumb":{"@id":"https:\/\/www.xonken.com\/site\/es\/linea-de-productos-de-neumaticos\/#breadcrumb"},"inLanguage":"es","potentialAction":[{"@type":"ReadAction","target":["https:\/\/www.xonken.com\/site\/es\/linea-de-productos-de-neumaticos\/"]}]},{"@type":"BreadcrumbList","@id":"https:\/\/www.xonken.com\/site\/es\/linea-de-productos-de-neumaticos\/#breadcrumb","itemListElement":[{"@type":"ListItem","position":1,"name":"Portada","item":"http:\/\/www.xonken.com\/site\/"},{"@type":"ListItem","position":2,"name":"L\u00ednea de productos de neum\u00e1ticos"}]}]}},"_links":{"self":[{"href":"https:\/\/www.xonken.com\/site\/wp-json\/wp\/v2\/pages\/10095"}],"collection":[{"href":"https:\/\/www.xonken.com\/site\/wp-json\/wp\/v2\/pages"}],"about":[{"href":"https:\/\/www.xonken.com\/site\/wp-json\/wp\/v2\/types\/page"}],"author":[{"embeddable":true,"href":"https:\/\/www.xonken.com\/site\/wp-json\/wp\/v2\/users\/2"}],"replies":[{"embeddable":true,"href":"https:\/\/www.xonken.com\/site\/wp-json\/wp\/v2\/comments?post=10095"}],"version-history":[{"count":5,"href":"https:\/\/www.xonken.com\/site\/wp-json\/wp\/v2\/pages\/10095\/revisions"}],"predecessor-version":[{"id":10223,"href":"https:\/\/www.xonken.com\/site\/wp-json\/wp\/v2\/pages\/10095\/revisions\/10223"}],"wp:featuredmedia":[{"embeddable":true,"href":"https:\/\/www.xonken.com\/site\/wp-json\/wp\/v2\/media\/9933"}],"wp:attachment":[{"href":"https:\/\/www.xonken.com\/site\/wp-json\/wp\/v2\/media?parent=10095"}],"curies":[{"name":"wp","href":"https:\/\/api.w.org\/{rel}","templated":true}]}}