{"id":10114,"date":"2022-12-08T14:12:29","date_gmt":"2022-12-08T14:12:29","guid":{"rendered":"http:\/\/www.xonken.com\/site\/?page_id=10114"},"modified":"2023-02-15T17:47:04","modified_gmt":"2023-02-15T17:47:04","slug":"sistemas-de-transmision-de-potencia","status":"publish","type":"page","link":"https:\/\/www.xonken.com\/site\/es\/sistemas-de-transmision-de-potencia\/","title":{"rendered":"Sistemas de Transmisi\u00f3n de Potencia"},"content":{"rendered":"<p>[vc_row full_width=&#8221;stretch_row_content&#8221; kd_background_image_position=&#8221;vc_row-bg-position-top&#8221; css=&#8221;.vc_custom_1647556324519{margin-top: 100px !important;margin-bottom: 0px !important;}&#8221;][vc_column css=&#8221;.vc_custom_1647555672286{padding-right: 0px !important;padding-left: 0px !important;}&#8221;][vc_row_inner full_width=&#8221;inner_row_contained&#8221; kd_background_image_position=&#8221;vc_row-bg-position-top&#8221; kd_background_overlay=&#8221;true&#8221; css=&#8221;.vc_custom_1647555379274{margin-right: 60px !important;margin-left: 60px !important;padding-top: 100px !important;padding-right: 0px !important;padding-bottom: 100px !important;padding-left: 0px !important;background-color: #e3e9f2 !important;border-radius: 50px !important;}&#8221;][vc_column_inner css=&#8221;.vc_custom_1647555638055{padding-top: 0px !important;}&#8221; css_tablet_landscape=&#8221;.vc_custom_1647555638056{margin-bottom: 50px !important;padding-top: 0px !important;padding-right: 15px !important;padding-left: 15px !important;}&#8221;]<header class=\"kd-section-title col-lg-12 text-center  subtitle-below-title kd-animated fadeIn   vc_custom_1670508740700\" data-animation-delay=200><h2 class=\"separator_off\" >Sistemas de Transmisi\u00f3n de Potencia<\/h2><h6 class=\"subtitle\" >La transmisi\u00f3n mec\u00e1nica de energ\u00eda implica el uso de diferentes tipos de sistemas para transferir energ\u00eda de un componente a otro sin cambiar su naturaleza. Cuando el movimiento proveniente de un componente mec\u00e1nico de conducci\u00f3n se transfiere a otro sin ser cambiado, hay transmisi\u00f3n de potencia. Los m\u00e9todos de transmisi\u00f3n de potencia mec\u00e1nica m\u00e1s comunes en uso en la industria de la ingenier\u00eda hoy en d\u00eda son acoplamientos de eje, transmisiones de cadena, transmisiones de engranajes, transmisiones por correa (industriales y automotrices) y tornillos de potencia (husillos patr\u00f3n).<\/p>\n<p>Las transmisiones por correa son las m\u00e1s comunes en aplicaciones industriales. Un sistema de transmisi\u00f3n por correa consta de dos poleas y una correa (o cuerda). La correa transmite potencia solo por fricci\u00f3n. El sistema de transmisi\u00f3n por correa se puede utilizar para largas distancias de centro a centro del eje. Para una transmisi\u00f3n efectiva, la fricci\u00f3n entre la superficie de la polea y la superficie de la correa debe ser lo m\u00e1s alta posible.<\/h6><\/header>[\/vc_column_inner][\/vc_row_inner][\/vc_column][\/vc_row][vc_row kd_background_image_position=&#8221;vc_row-bg-position-top&#8221; css=&#8221;.vc_custom_1647556330805{margin-bottom: 100px !important;}&#8221;][vc_column]<div class=\"kd-divider solid_line divider_full_width thin_solid\">\n                <div class=\"divider-line\" style=\"border-color:#282828\"><\/div>\n            <\/div><div class=\"feature-sections-wrapper navigation-icons kd-fsp-69ebd256b335a\">\r\n            <div class=\"feature-sections-tabs  \">\r\n              <nav class=\"kd-feature-tabs\">\r\n                <ul class=\"nav nav-tabs sticky-tabs container\">\r\n                <\/ul>\r\n              <\/nav>\r\n            <\/div>\r\n            <section id=\"INDUSTRIAL\" class=\"featured-right \"><li class=\"nav-label\"><a class=\"feature-tabs-scroll\" href=\"#INDUSTRIAL\"><span class=\"nav-number\"><\/span>Correas industriales<\/a><\/li><div class=\"container\">\r\n                <div class=\"side-content-wrapper kd-animated fadeInLeft\" data-animation-delay=\"200\"><h2 class=\"side-content-title\" >CORREAS INDUSTRIALES<\/h2><h6 class=\"side-content-subtitle\" >Correas en V de Alto Rendimiento<\/h6><div class=\"side-content-text\" ><\/p>\n<ul>\n<li>Cl\u00e1sicas (A, B, C, D, E) \u2013 <strong><em>CUSTOM HP<\/em><\/strong><\/li>\n<li>Cl\u00e1sicas Dentadas (AX, BX, CX, DX) \u2013 <strong><em>CUSTOM HP+<\/em><\/strong><\/li>\n<li>Angostas (3V, 5V, 8V) \u2013 <strong><em>EFFICIENT HP<\/em><\/strong><\/li>\n<li>Angostas Dentadas (3VX, 5VX, 8VX) \u2013 <strong><em>EFFICIENT HP+<\/em><\/strong><\/li>\n<li>Fraccionales (3L, 4L, 5L) \u2013 <strong><em>FRACTION HP<\/em><\/strong><\/li>\n<\/ul>\n<p>&nbsp;<\/p>\n<h4><strong>Correas de Tiempo Industrial de Alto Rendimeinto \u2013 <em>SYNCHROTECH<\/em><\/strong><\/h4>\n<ul>\n<li>Velocidad Variable (From 22\u00b0 To 42\u00b0 Angles)<\/li>\n<li>Multi-v\/Poly-v (PH, PJ, PK, PL, PM)<\/li>\n<li>Type T (MXXL, XXL, XL, H, XH, XXH, T2.5, T5, T10, T20, AT5, AT10, AT20)<\/li>\n<li>HTD (3M, 5M, 8, 14M, 20M)<\/li>\n<li>Pu (Polyurethane)<\/li>\n<\/ul>\n<p><\/div><\/div><div class=\"side-featured-wrapper fss-rectangle kd-animated fadeInRight fss-shadow-image\" data-animation-delay=\"200\">\r\n      <div class=\"featured-image\"><a data-size=\"1024x771\" href=https:\/\/www.xonken.com\/site\/wp-content\/uploads\/2022\/03\/prod06-2-1024x771.jpg><img width=\"1100\" height=\"828\" src=\"https:\/\/www.xonken.com\/site\/wp-content\/uploads\/2022\/03\/prod06-2.jpg\" class=\"attachment-full\" alt=\"\" loading=\"lazy\" srcset=\"https:\/\/www.xonken.com\/site\/wp-content\/uploads\/2022\/03\/prod06-2.jpg 1100w, https:\/\/www.xonken.com\/site\/wp-content\/uploads\/2022\/03\/prod06-2-300x226.jpg 300w, https:\/\/www.xonken.com\/site\/wp-content\/uploads\/2022\/03\/prod06-2-1024x771.jpg 1024w, https:\/\/www.xonken.com\/site\/wp-content\/uploads\/2022\/03\/prod06-2-768x578.jpg 768w\" sizes=\"(max-width: 1100px) 100vw, 1100px\" \/><\/a><\/div>\r\n    <\/div><\/div>\r\n            <\/section><section id=\"AUTOMOTOR\" class=\"featured-left \"><li class=\"nav-label\"><a class=\"feature-tabs-scroll\" href=\"#AUTOMOTOR\"><span class=\"nav-number\"><\/span>Correas automotrices<\/a><\/li><div class=\"container\">\r\n                <div class=\"side-content-wrapper kd-animated fadeInRight\" data-animation-delay=\"200\"><h2 class=\"side-content-title\" >CORREAS AUTOMOTRICES<\/h2><h6 class=\"side-content-subtitle\" >Correas en V Automotrices Dentadas de Alto Rendimiento - AUTOXON<\/h6><div class=\"side-content-text\" ><\/p>\n<ul>\n<li>13 \/ 10AVX<\/li>\n<li>15 \/ 11AVX<\/li>\n<li>17 \/ 13AVX<\/li>\n<li>22 \/ 15AVX<\/li>\n<li>24 \/ 17AVX<\/li>\n<li>28 \/ 20AVX<\/li>\n<li>30 \/ 22AVX<\/li>\n<\/ul>\n<h4><\/h4>\n<h4><strong>Correas Poly V Automotrices de Alto Rendimiento<\/strong><\/h4>\n<ul>\n<li>secci\u00f3n PK (para poleas con 3 -12 ranuras)<\/li>\n<\/ul>\n<h4><\/h4>\n<h4><strong>Correas de Tiempo Automotrices de Alto Rendimiento<\/strong><\/h4>\n<ul>\n<li>Perfil de Diente Trapezoidal<\/li>\n<li>Perfil de Diente Curvil\u00edneo<\/li>\n<li>Perfil de Diente Alternativo<\/li>\n<\/ul>\n<p><\/div><\/div><div class=\"side-featured-wrapper fss-rectangle kd-animated fadeInLeft fss-shadow-image\" data-animation-delay=\"200\">\r\n      <div class=\"featured-image\"><a data-size=\"1024x771\" href=https:\/\/www.xonken.com\/site\/wp-content\/uploads\/2022\/03\/prod07ab-1024x771.jpg><img width=\"1100\" height=\"828\" src=\"https:\/\/www.xonken.com\/site\/wp-content\/uploads\/2022\/03\/prod07ab.jpg\" class=\"attachment-full\" alt=\"\" loading=\"lazy\" srcset=\"https:\/\/www.xonken.com\/site\/wp-content\/uploads\/2022\/03\/prod07ab.jpg 1100w, https:\/\/www.xonken.com\/site\/wp-content\/uploads\/2022\/03\/prod07ab-300x226.jpg 300w, https:\/\/www.xonken.com\/site\/wp-content\/uploads\/2022\/03\/prod07ab-1024x771.jpg 1024w, https:\/\/www.xonken.com\/site\/wp-content\/uploads\/2022\/03\/prod07ab-768x578.jpg 768w\" sizes=\"(max-width: 1100px) 100vw, 1100px\" \/><\/a><\/div>\r\n    <\/div><\/div>\r\n            <\/section><section id=\"AGR\u00cdCOLA\" class=\"featured-right \"><li class=\"nav-label\"><a class=\"feature-tabs-scroll\" href=\"#AGR\u00cdCOLA\"><span class=\"nav-number\"><\/span>Acoplamientos de eje y poleas<\/a><\/li><div class=\"container\">\r\n                <div class=\"side-content-wrapper kd-animated fadeInLeft\" data-animation-delay=\"200\"><h2 class=\"side-content-title\" >CORREAS AGRICOLAS<\/h2><h6 class=\"side-content-subtitle\" >Correas de Alto Rendimiento \u2013 LANDBRUK HP<\/h6><div class=\"side-content-text\" ><\/p>\n<ul>\n<li>Cl\u00e1sicas Dentadas<\/li>\n<li>Velocidad Variable<\/li>\n<li>Sincronizaci\u00f3n<\/li>\n<\/ul>\n<h4><strong>ACOPLES DE EJES<\/strong><\/h4>\n<ul>\n<li>R\u00edgido<\/li>\n<li>Flexible<\/li>\n<li>De Alto Rendimiento<\/li>\n<\/ul>\n<h4><strong>POLEAS ESTANDARIZADAS Y PERZONALIZADAS<\/strong><\/h4>\n<ul>\n<li>Material: Hierro Gris o Acero D\u00factil, Acero Inoxidable, Acero, Aluminio, y Bronce.<\/li>\n<li>Normativa: DIN, ASTM, BS, JIS, etc.<\/li>\n<\/ul>\n<p><\/div><\/div><div class=\"side-featured-wrapper fss-rectangle kd-animated fadeInRight fss-shadow-image\" data-animation-delay=\"200\">\r\n      <div class=\"featured-image\"><a data-size=\"1024x771\" href=https:\/\/www.xonken.com\/site\/wp-content\/uploads\/2022\/03\/prod08-1024x771.jpg><img width=\"1100\" height=\"828\" src=\"https:\/\/www.xonken.com\/site\/wp-content\/uploads\/2022\/03\/prod08.jpg\" class=\"attachment-full\" alt=\"Shaft Couplings &amp; Pulleys\" loading=\"lazy\" srcset=\"https:\/\/www.xonken.com\/site\/wp-content\/uploads\/2022\/03\/prod08.jpg 1100w, https:\/\/www.xonken.com\/site\/wp-content\/uploads\/2022\/03\/prod08-300x226.jpg 300w, https:\/\/www.xonken.com\/site\/wp-content\/uploads\/2022\/03\/prod08-1024x771.jpg 1024w, https:\/\/www.xonken.com\/site\/wp-content\/uploads\/2022\/03\/prod08-768x578.jpg 768w\" sizes=\"(max-width: 1100px) 100vw, 1100px\" \/><\/a><\/div>\r\n    <\/div><\/div>\r\n            <\/section>\r\n            <\/div><style><\/style>[\/vc_column][\/vc_row][vc_row full_width=&#8221;stretch_row&#8221; parallax=&#8221;content-moving&#8221; parallax_speed_bg=&#8221;1.3&#8243; disable_element=&#8221;yes&#8221; kd_background_image_position=&#8221;vc_row-bg-position-center&#8221; kd_fixed_background=&#8221;true&#8221; css=&#8221;.vc_custom_1647558940921{padding-top: 200px !important;padding-bottom: 200px !important;background-image: url(http:\/\/www.xonken.com\/site\/wp-content\/uploads\/2021\/09\/solu05.jpg?id=9712) !important;}&#8221; css_tablet_portrait=&#8221;.vc_custom_1647558940922{padding-top: 150px !important;padding-bottom: 150px !important;}&#8221; css_mobile=&#8221;.vc_custom_1647558940922{padding-top: 150px !important;padding-bottom: 150px !important;}&#8221; css_tablet_landscape=&#8221;.vc_custom_1647558940922{padding-bottom: 120px !important;}&#8221;][vc_column css=&#8221;.vc_custom_1516115464846{padding-left: 0px !important;}&#8221;][vc_row_inner kd_background_image_position=&#8221;vc_row-bg-position-top&#8221;][vc_column_inner]<div class=\"video-container play-button-center big-video-btn   kd-animated zoomIn\" data-animation-delay=200><a data-toggle=\"modal\" data-target=\"#video-modal-kd-video-modal-69ebd256b5250\" data-src=\"https:\/\/www.youtube.com\/embed\/sDwQBHN4jK0\" data-backdrop=\"true\" class=\" \"><span class=\"play-video\"><span class=\"sway-play\"><\/span><\/span><\/a><\/div><div class=\"modal fade video-modal\" id=\"video-modal-kd-video-modal-69ebd256b5250\" role=\"dialog\">\n                            <div class=\"modal-content\">\n                            <button type=\"button\" class=\"close\" data-dismiss=\"modal\">\u00d7<\/button>\n                            <div class=\"row\"><iframe width=\"1024\" height=\"576\" allow=\"autoplay; fullscreen\"><\/iframe><\/div>\n                            <\/div>\n                        <\/div>[\/vc_column_inner][\/vc_row_inner][\/vc_column][\/vc_row][vc_row full_width=&#8221;stretch_row&#8221; disable_element=&#8221;yes&#8221; kd_background_image_position=&#8221;vc_row-bg-position-top&#8221; css=&#8221;.vc_custom_1630526982212{border-bottom-width: 1px !important;border-bottom-color: #e7e7e7 !important;border-bottom-style: solid !important;}&#8221;][vc_column][vc_row_inner kd_background_image_position=&#8221;vc_row-bg-position-top&#8221; css=&#8221;.vc_custom_1598438697936{padding-top: 100px !important;padding-bottom: 100px !important;}&#8221;][vc_column_inner width=&#8221;1\/4&#8243;]<div class=\"kd_counter icon-top  kd-animated fadeInUp\" ><div class=\"kd_counter_content\"><h4 class=\"kd_counter_number\"><span class=\"kd_number_string\" style=\"font-weight:400;\" data-from=\"0\" data-to=\"100\" data-refresh-interval=\"50\">0<\/span><span class=\"kd_counter_units\" style=\"font-weight:400;\">+<\/span><\/h4><div class=\"kd_counter_text\" >Team Members<\/div><\/div><\/div>[\/vc_column_inner][vc_column_inner width=&#8221;1\/4&#8243;]<div class=\"kd_counter icon-top  kd-animated fadeInUp\" data-animation-delay=200><div class=\"kd_counter_content\"><h4 class=\"kd_counter_number\"><span class=\"kd_number_string\" style=\"font-weight:400;\" data-from=\"0\" data-to=\"20\" data-refresh-interval=\"50\">0<\/span><span class=\"kd_counter_units\" style=\"font-weight:400;\">+<\/span><\/h4><div class=\"kd_counter_text\" >Years of Experience<\/div><\/div><\/div>[\/vc_column_inner][vc_column_inner width=&#8221;1\/4&#8243;]<div class=\"kd_counter icon-top  kd-animated fadeInUp\" data-animation-delay=400><div class=\"kd_counter_content\"><h4 class=\"kd_counter_number\"><span class=\"kd_number_string\" style=\"font-weight:400;\" data-from=\"0\" data-to=\"150\" data-refresh-interval=\"50\">0<\/span><span class=\"kd_counter_units\" style=\"font-weight:400;\">%<\/span><\/h4><div class=\"kd_counter_text\" >Fastest Growing Agency<\/div><\/div><\/div>[\/vc_column_inner][vc_column_inner width=&#8221;1\/4&#8243;]<div class=\"kd_counter icon-top  kd-animated fadeInUp\" data-animation-delay=600><div class=\"kd_counter_content\"><h4 class=\"kd_counter_number\"><span class=\"kd_number_string\" style=\"font-weight:400;\" data-from=\"0\" data-to=\"4200\" data-refresh-interval=\"50\">0<\/span><span class=\"kd_counter_units\" style=\"font-weight:400;\">+<\/span><\/h4><div class=\"kd_counter_text\" >Happy Customers<\/div><\/div><\/div>[\/vc_column_inner][\/vc_row_inner][\/vc_column][\/vc_row][vc_row full_width=&#8221;stretch_row&#8221; disable_element=&#8221;yes&#8221; kd_background_image_position=&#8221;vc_row-bg-position-top&#8221; css=&#8221;.vc_custom_1647558948501{padding-top: 80px !important;padding-bottom: 120px !important;}&#8221; css_tablet_landscape=&#8221;.vc_custom_1647558948501{padding-bottom: 250px !important;}&#8221; css_tablet_portrait=&#8221;.vc_custom_1647558948502{padding-top: 100px !important;padding-bottom: 140px !important;}&#8221; css_mobile=&#8221;.vc_custom_1647558948503{padding-top: 100px !important;padding-bottom: 100px !important;}&#8221;][vc_column][vc_row_inner kd_background_image_position=&#8221;vc_row-bg-position-top&#8221;][vc_column_inner]<header class=\"kd-section-title col-lg-12 text-center  subtitle-below-title kd-animated fadeIn   vc_custom_1632884901253\" data-animation-delay=200><h2 class=\"separator_off\" >Let\u2019s get in touch and start working together!<\/h2><h6 class=\"subtitle\" >At Xonken, we don't just limitate to sell you products. We also specialize in bringing you an innovative and new business strategy that encompasses solutions to solve thorny supply chain problems and turn all ERP marketing opportunities profitable.<br \/>\nFor inquiries, questions, doubts, please don't hesitate to reach out!<\/h6><\/header><a  href=\"http:\/\/www.xonken.com\/site\/xonken\/contact-us\/\"  target=\"_self\"  title=\"Contact us\" class=\"tt_button tt_primary_button btn_primary_color  button-center button-action-link   kd-animated zoomIn add-margin-right\" data-animation-delay=200><span class=\"prim_text\">Start Now<\/span><\/a>[\/vc_column_inner][\/vc_row_inner][\/vc_column][\/vc_row]<\/p>\n","protected":false},"excerpt":{"rendered":"<p>[vc_row full_width=&#8221;stretch_row_content&#8221; kd_background_image_position=&#8221;vc_row-bg-position-top&#8221; css=&#8221;.vc_custom_1647556324519{margin-top: 100px !important;margin-bottom: 0px !important;}&#8221;][vc_column css=&#8221;.vc_custom_1647555672286{padding-right: 0px !important;padding-left: 0px !important;}&#8221;][vc_row_inner full_width=&#8221;inner_row_contained&#8221; kd_background_image_position=&#8221;vc_row-bg-position-top&#8221; kd_background_overlay=&#8221;true&#8221; css=&#8221;.vc_custom_1647555379274{margin-right: 60px !important;margin-left: 60px [&hellip;]<\/p>\n","protected":false},"author":2,"featured_media":9936,"parent":0,"menu_order":0,"comment_status":"closed","ping_status":"closed","template":"","meta":{"_mi_skip_tracking":false},"yoast_head":"<!-- This site is optimized with the Yoast SEO plugin v18.4.1 - https:\/\/yoast.com\/wordpress\/plugins\/seo\/ -->\n<title>Industrial &amp; Automotive Belts - Power transmission systems - Xonken<\/title>\n<meta name=\"description\" content=\"Industrial &amp; Automotive Belts - Power transmission systems. Mechanical power transmission involves using different types of systems\" \/>\n<meta name=\"robots\" content=\"index, follow, max-snippet:-1, max-image-preview:large, max-video-preview:-1\" \/>\n<link rel=\"canonical\" href=\"https:\/\/www.xonken.com\/site\/es\/sistemas-de-transmision-de-potencia\/\" \/>\n<meta property=\"og:locale\" content=\"es_ES\" \/>\n<meta property=\"og:type\" content=\"article\" \/>\n<meta property=\"og:title\" content=\"Industrial &amp; Automotive Belts - Power transmission systems - Xonken\" \/>\n<meta property=\"og:description\" content=\"Industrial &amp; Automotive Belts - Power transmission systems. Mechanical power transmission involves using different types of systems\" \/>\n<meta property=\"og:url\" content=\"https:\/\/www.xonken.com\/site\/es\/sistemas-de-transmision-de-potencia\/\" \/>\n<meta property=\"og:site_name\" content=\"Xonken\" \/>\n<meta property=\"article:modified_time\" content=\"2023-02-15T17:47:04+00:00\" \/>\n<meta property=\"og:image\" content=\"http:\/\/www.xonken.com\/site\/wp-content\/uploads\/2022\/03\/header-power-transmission-systems.jpg\" \/>\n\t<meta property=\"og:image:width\" content=\"1920\" \/>\n\t<meta property=\"og:image:height\" content=\"450\" \/>\n\t<meta property=\"og:image:type\" content=\"image\/jpeg\" \/>\n<meta name=\"twitter:card\" content=\"summary_large_image\" \/>\n<meta name=\"twitter:label1\" content=\"Tiempo de lectura\" \/>\n\t<meta name=\"twitter:data1\" content=\"4 minutos\" \/>\n<script type=\"application\/ld+json\" class=\"yoast-schema-graph\">{\"@context\":\"https:\/\/schema.org\",\"@graph\":[{\"@type\":\"WebSite\",\"@id\":\"https:\/\/www.xonken.com\/site\/#website\",\"url\":\"https:\/\/www.xonken.com\/site\/\",\"name\":\"Xonken\",\"description\":\"Specialists in development and manufacturing of rubber products.\",\"potentialAction\":[{\"@type\":\"SearchAction\",\"target\":{\"@type\":\"EntryPoint\",\"urlTemplate\":\"https:\/\/www.xonken.com\/site\/?s={search_term_string}\"},\"query-input\":\"required name=search_term_string\"}],\"inLanguage\":\"es\"},{\"@type\":\"ImageObject\",\"@id\":\"https:\/\/www.xonken.com\/site\/es\/sistemas-de-transmision-de-potencia\/#primaryimage\",\"inLanguage\":\"es\",\"url\":\"https:\/\/www.xonken.com\/site\/wp-content\/uploads\/2022\/03\/header-power-transmission-systems.jpg\",\"contentUrl\":\"https:\/\/www.xonken.com\/site\/wp-content\/uploads\/2022\/03\/header-power-transmission-systems.jpg\",\"width\":1920,\"height\":450,\"caption\":\"power transmission systems\"},{\"@type\":\"WebPage\",\"@id\":\"https:\/\/www.xonken.com\/site\/es\/sistemas-de-transmision-de-potencia\/#webpage\",\"url\":\"https:\/\/www.xonken.com\/site\/es\/sistemas-de-transmision-de-potencia\/\",\"name\":\"Industrial & Automotive Belts - Power transmission systems - Xonken\",\"isPartOf\":{\"@id\":\"https:\/\/www.xonken.com\/site\/#website\"},\"primaryImageOfPage\":{\"@id\":\"https:\/\/www.xonken.com\/site\/es\/sistemas-de-transmision-de-potencia\/#primaryimage\"},\"datePublished\":\"2022-12-08T14:12:29+00:00\",\"dateModified\":\"2023-02-15T17:47:04+00:00\",\"description\":\"Industrial & Automotive Belts - Power transmission systems. Mechanical power transmission involves using different types of systems\",\"breadcrumb\":{\"@id\":\"https:\/\/www.xonken.com\/site\/es\/sistemas-de-transmision-de-potencia\/#breadcrumb\"},\"inLanguage\":\"es\",\"potentialAction\":[{\"@type\":\"ReadAction\",\"target\":[\"https:\/\/www.xonken.com\/site\/es\/sistemas-de-transmision-de-potencia\/\"]}]},{\"@type\":\"BreadcrumbList\",\"@id\":\"https:\/\/www.xonken.com\/site\/es\/sistemas-de-transmision-de-potencia\/#breadcrumb\",\"itemListElement\":[{\"@type\":\"ListItem\",\"position\":1,\"name\":\"Portada\",\"item\":\"http:\/\/www.xonken.com\/site\/\"},{\"@type\":\"ListItem\",\"position\":2,\"name\":\"Sistemas de Transmisi\u00f3n de Potencia\"}]}]}<\/script>\n<!-- \/ Yoast SEO plugin. -->","yoast_head_json":{"title":"Industrial & Automotive Belts - Power transmission systems - Xonken","description":"Industrial & Automotive Belts - Power transmission systems. Mechanical power transmission involves using different types of systems","robots":{"index":"index","follow":"follow","max-snippet":"max-snippet:-1","max-image-preview":"max-image-preview:large","max-video-preview":"max-video-preview:-1"},"canonical":"https:\/\/www.xonken.com\/site\/es\/sistemas-de-transmision-de-potencia\/","og_locale":"es_ES","og_type":"article","og_title":"Industrial & Automotive Belts - Power transmission systems - Xonken","og_description":"Industrial & Automotive Belts - Power transmission systems. Mechanical power transmission involves using different types of systems","og_url":"https:\/\/www.xonken.com\/site\/es\/sistemas-de-transmision-de-potencia\/","og_site_name":"Xonken","article_modified_time":"2023-02-15T17:47:04+00:00","og_image":[{"width":1920,"height":450,"url":"http:\/\/www.xonken.com\/site\/wp-content\/uploads\/2022\/03\/header-power-transmission-systems.jpg","type":"image\/jpeg"}],"twitter_card":"summary_large_image","twitter_misc":{"Tiempo de lectura":"4 minutos"},"schema":{"@context":"https:\/\/schema.org","@graph":[{"@type":"WebSite","@id":"https:\/\/www.xonken.com\/site\/#website","url":"https:\/\/www.xonken.com\/site\/","name":"Xonken","description":"Specialists in development and manufacturing of rubber products.","potentialAction":[{"@type":"SearchAction","target":{"@type":"EntryPoint","urlTemplate":"https:\/\/www.xonken.com\/site\/?s={search_term_string}"},"query-input":"required name=search_term_string"}],"inLanguage":"es"},{"@type":"ImageObject","@id":"https:\/\/www.xonken.com\/site\/es\/sistemas-de-transmision-de-potencia\/#primaryimage","inLanguage":"es","url":"https:\/\/www.xonken.com\/site\/wp-content\/uploads\/2022\/03\/header-power-transmission-systems.jpg","contentUrl":"https:\/\/www.xonken.com\/site\/wp-content\/uploads\/2022\/03\/header-power-transmission-systems.jpg","width":1920,"height":450,"caption":"power transmission systems"},{"@type":"WebPage","@id":"https:\/\/www.xonken.com\/site\/es\/sistemas-de-transmision-de-potencia\/#webpage","url":"https:\/\/www.xonken.com\/site\/es\/sistemas-de-transmision-de-potencia\/","name":"Industrial & Automotive Belts - Power transmission systems - Xonken","isPartOf":{"@id":"https:\/\/www.xonken.com\/site\/#website"},"primaryImageOfPage":{"@id":"https:\/\/www.xonken.com\/site\/es\/sistemas-de-transmision-de-potencia\/#primaryimage"},"datePublished":"2022-12-08T14:12:29+00:00","dateModified":"2023-02-15T17:47:04+00:00","description":"Industrial & Automotive Belts - Power transmission systems. Mechanical power transmission involves using different types of systems","breadcrumb":{"@id":"https:\/\/www.xonken.com\/site\/es\/sistemas-de-transmision-de-potencia\/#breadcrumb"},"inLanguage":"es","potentialAction":[{"@type":"ReadAction","target":["https:\/\/www.xonken.com\/site\/es\/sistemas-de-transmision-de-potencia\/"]}]},{"@type":"BreadcrumbList","@id":"https:\/\/www.xonken.com\/site\/es\/sistemas-de-transmision-de-potencia\/#breadcrumb","itemListElement":[{"@type":"ListItem","position":1,"name":"Portada","item":"http:\/\/www.xonken.com\/site\/"},{"@type":"ListItem","position":2,"name":"Sistemas de Transmisi\u00f3n de Potencia"}]}]}},"_links":{"self":[{"href":"https:\/\/www.xonken.com\/site\/wp-json\/wp\/v2\/pages\/10114"}],"collection":[{"href":"https:\/\/www.xonken.com\/site\/wp-json\/wp\/v2\/pages"}],"about":[{"href":"https:\/\/www.xonken.com\/site\/wp-json\/wp\/v2\/types\/page"}],"author":[{"embeddable":true,"href":"https:\/\/www.xonken.com\/site\/wp-json\/wp\/v2\/users\/2"}],"replies":[{"embeddable":true,"href":"https:\/\/www.xonken.com\/site\/wp-json\/wp\/v2\/comments?post=10114"}],"version-history":[{"count":14,"href":"https:\/\/www.xonken.com\/site\/wp-json\/wp\/v2\/pages\/10114\/revisions"}],"predecessor-version":[{"id":10191,"href":"https:\/\/www.xonken.com\/site\/wp-json\/wp\/v2\/pages\/10114\/revisions\/10191"}],"wp:featuredmedia":[{"embeddable":true,"href":"https:\/\/www.xonken.com\/site\/wp-json\/wp\/v2\/media\/9936"}],"wp:attachment":[{"href":"https:\/\/www.xonken.com\/site\/wp-json\/wp\/v2\/media?parent=10114"}],"curies":[{"name":"wp","href":"https:\/\/api.w.org\/{rel}","templated":true}]}}